{"id":15,"date":"2018-05-23T02:20:14","date_gmt":"2018-05-23T02:20:14","guid":{"rendered":"https:\/\/artikacr.com\/es\/?page_id=15"},"modified":"2018-06-15T20:41:18","modified_gmt":"2018-06-16T02:41:18","slug":"espanol-servicios","status":"publish","type":"page","link":"https:\/\/artikacr.com\/es\/servicios\/","title":{"rendered":"Servicios"},"content":{"rendered":"<p><\/p>\n<h2>Dise\u00f1o y Arquitectura<\/h2>\n<p><span style=\"font-weight: 400;\">Mantenemos una buena comunicaci\u00f3n desde el primer momento para entender las necesidades de cada cliente, lo guiamos en la toma de decisiones brind\u00e1ndole soluciones eficaces y personalizadas.<\/span><\/p>\n<p><span style=\"font-weight: 400;\">Conceptualizamos el proyecto bas\u00e1ndonos en par\u00e1metros de dise\u00f1o a gusto del cliente, de sus necesidades, de los reglamentos y condiciones que afectan la ubicaci\u00f3n del proyecto.<\/span><\/p>\n<p><span style=\"font-weight: 400;\">Utilizamos herramientas digitales de dise\u00f1o que visualizan el proyecto detectando as\u00ed posibles imprevistos para su reducci\u00f3n.<\/span><\/p>\n<p><span style=\"font-weight: 400;\">Desarrollamos planos de construcci\u00f3n y realizamos tr\u00e1mites con las diferentes Instituciones involucradas en la obtenci\u00f3n del permiso.<\/span><\/p>\n<div class=\"DesingArchitec\"><img loading=\"lazy\" decoding=\"async\" width=\"544\" height=\"408\" class=\"wp-image-100 size-full alignnone\" src=\"https:\/\/artikacr.com\/wp-content\/uploads\/2018\/06\/diseno-1.jpg\" alt=\"Dise\u00f1o Artika\" srcset=\"https:\/\/artikacr.com\/wp-content\/uploads\/2018\/06\/diseno-1.jpg 544w, https:\/\/artikacr.com\/wp-content\/uploads\/2018\/06\/diseno-1-250x188.jpg 250w, https:\/\/artikacr.com\/wp-content\/uploads\/2018\/06\/diseno-1-120x90.jpg 120w\" sizes=\"auto, (max-width: 544px) 100vw, 544px\" \/><br \/>\n<img loading=\"lazy\" decoding=\"async\" width=\"548\" height=\"411\" class=\"alignnone size-full wp-image-228\" src=\"https:\/\/artikacr.com\/wp-content\/uploads\/2018\/06\/diseno-2-2.jpg\" alt=\"Dise\u00f1o Artika\" srcset=\"https:\/\/artikacr.com\/wp-content\/uploads\/2018\/06\/diseno-2-2.jpg 548w, https:\/\/artikacr.com\/wp-content\/uploads\/2018\/06\/diseno-2-2-250x188.jpg 250w, https:\/\/artikacr.com\/wp-content\/uploads\/2018\/06\/diseno-2-2-120x90.jpg 120w\" sizes=\"auto, (max-width: 548px) 100vw, 548px\" \/><\/div>\n<h2><\/h2>\n<h2><\/h2>\n<h2>Administraci\u00f3n de Proyectos<\/h2>\n<p style=\"text-align: left;\">Formulamos \u00a0un plan de trabajo en donde planeamos, organizamos y administramos los recursos del cliente y las tareas del proceso constructivo garantizando el \u00e9xito del proyecto.<\/p>\n<p style=\"text-align: left;\">Damos soporte en la direcci\u00f3n t\u00e9cnica y nos encargamos del manejo de los recursos econ\u00f3micos y humanos siempre de la mano y bajo el control de nuestros clientes.<\/p>\n<p style=\"text-align: left;\">Nuestro objetivo es mantener el proyecto dentro del tiempo y el costo en que se plane\u00f3.<\/p>\n<p><img decoding=\"async\" class=\"alignnone wp-image-102 size-full\" src=\"https:\/\/artikacr.com\/wp-content\/uploads\/2018\/06\/Administraci\u00f3n-de-Proyectos.jpg\" alt=\"Dise\u00f1os Artika\" width=\"100%\" srcset=\"https:\/\/artikacr.com\/wp-content\/uploads\/2018\/06\/Administraci\u00f3n-de-Proyectos.jpg 1349w, https:\/\/artikacr.com\/wp-content\/uploads\/2018\/06\/Administraci\u00f3n-de-Proyectos-250x119.jpg 250w, https:\/\/artikacr.com\/wp-content\/uploads\/2018\/06\/Administraci\u00f3n-de-Proyectos-768x364.jpg 768w, https:\/\/artikacr.com\/wp-content\/uploads\/2018\/06\/Administraci\u00f3n-de-Proyectos-700x332.jpg 700w, https:\/\/artikacr.com\/wp-content\/uploads\/2018\/06\/Administraci\u00f3n-de-Proyectos-120x57.jpg 120w\" sizes=\"(max-width: 1349px) 100vw, 1349px\" \/><\/p>\n<h2><\/h2>\n<h2><\/h2>\n<h2>Construcci\u00f3n<\/h2>\n<p style=\"text-align: left;\">Ejecutamos la construcci\u00f3n de sus ideas y sue\u00f1os.<\/p>\n<p style=\"text-align: left;\">Somos una Empresa afiliada al Colegio Federado de Ingenieros y Arquitectos por lo que garantizamos seriedad y responsabilidad en la ejecuci\u00f3n de las obras.<\/p>\n<p style=\"text-align: left;\">Al construir los proyectos que dise\u00f1amos somos los conocedores de cada detalle por lo que aseguramos la calidad del trabajo y la satisfacci\u00f3n de nuestro cliente.<\/p>\n<p style=\"text-align: left;\">Vigilamos y dirigimos las etapas que componen el Proyecto brindando seguridad al cliente.<\/p>\n<p style=\"text-align: left;\">Garantizamos la certeza en precio, en el plazo de entrega y en la calidad de la construcci\u00f3n.<\/p>\n<p><img decoding=\"async\" src=\"https:\/\/artikacr.com\/wp-content\/uploads\/2018\/06\/servicios-3.jpg\" alt=\"Servicios Artika\" width=\"100%\" \/><\/p>\n<p>&nbsp;<\/p>","protected":false},"excerpt":{"rendered":"Dise\u00f1o y Arquitectura Mantenemos una buena comunicaci\u00f3n desde el primer momento para entender las necesidades de cada cliente, lo guiamos en la toma de decisiones brind\u00e1ndole soluciones eficaces y personalizadas. Conceptualizamos el proyecto bas\u00e1ndonos en par\u00e1metros de dise\u00f1o a gusto del cliente, de sus necesidades, de los reglamentos y condiciones que afectan la ubicaci\u00f3n del&#8230; <a class=\"view-article\" href=\"https:\/\/artikacr.com\/es\/servicios\/\">Ver art\u00edculo<\/a>","protected":false},"author":1,"featured_media":223,"parent":0,"menu_order":0,"comment_status":"closed","ping_status":"closed","template":"","meta":{"footnotes":""},"class_list":["post-15","page","type-page","status-publish","has-post-thumbnail","hentry"],"yoast_head":"<!-- This site is optimized with the Yoast SEO plugin v23.9 - https:\/\/yoast.com\/wordpress\/plugins\/seo\/ -->\n<title>Servicios - Artika<\/title>\n<meta name=\"robots\" content=\"index, follow, max-snippet:-1, max-image-preview:large, max-video-preview:-1\" \/>\n<link rel=\"canonical\" href=\"https:\/\/artikacr.com\/espanol-servicios\/\" \/>\n<meta property=\"og:locale\" content=\"es_ES\" \/>\n<meta property=\"og:type\" content=\"article\" \/>\n<meta property=\"og:title\" content=\"Servicios - Artika\" \/>\n<meta property=\"og:description\" content=\"Dise\u00f1o y Arquitectura Mantenemos una buena comunicaci\u00f3n desde el primer momento para entender las necesidades de cada cliente, lo guiamos en la toma de decisiones brind\u00e1ndole soluciones eficaces y personalizadas. Conceptualizamos el proyecto bas\u00e1ndonos en par\u00e1metros de dise\u00f1o a gusto del cliente, de sus necesidades, de los reglamentos y condiciones que afectan la ubicaci\u00f3n del... Ver art\u00edculo\" \/>\n<meta property=\"og:url\" content=\"https:\/\/artikacr.com\/espanol-servicios\/\" \/>\n<meta property=\"og:site_name\" content=\"Artika\" \/>\n<meta property=\"article:modified_time\" content=\"2018-06-16T02:41:18+00:00\" \/>\n<meta property=\"og:image\" content=\"https:\/\/artikacr.com\/wp-content\/uploads\/2018\/06\/Servicios-1.jpg\" \/>\n\t<meta property=\"og:image:width\" content=\"1368\" \/>\n\t<meta property=\"og:image:height\" content=\"596\" \/>\n\t<meta property=\"og:image:type\" content=\"image\/jpeg\" \/>\n<meta name=\"twitter:card\" content=\"summary_large_image\" \/>\n<meta name=\"twitter:label1\" content=\"Tiempo de lectura\" \/>\n\t<meta name=\"twitter:data1\" content=\"3 minutos\" \/>\n<script type=\"application\/ld+json\" class=\"yoast-schema-graph\">{\"@context\":\"https:\/\/schema.org\",\"@graph\":[{\"@type\":\"WebPage\",\"@id\":\"https:\/\/artikacr.com\/espanol-servicios\/\",\"url\":\"https:\/\/artikacr.com\/espanol-servicios\/\",\"name\":\"Servicios - Artika\",\"isPartOf\":{\"@id\":\"https:\/\/artikacr.com\/es\/#website\"},\"primaryImageOfPage\":{\"@id\":\"https:\/\/artikacr.com\/espanol-servicios\/#primaryimage\"},\"image\":{\"@id\":\"https:\/\/artikacr.com\/espanol-servicios\/#primaryimage\"},\"thumbnailUrl\":\"https:\/\/artikacr.com\/wp-content\/uploads\/2018\/06\/Servicios-1.jpg\",\"datePublished\":\"2018-05-23T02:20:14+00:00\",\"dateModified\":\"2018-06-16T02:41:18+00:00\",\"breadcrumb\":{\"@id\":\"https:\/\/artikacr.com\/espanol-servicios\/#breadcrumb\"},\"inLanguage\":\"es\",\"potentialAction\":[{\"@type\":\"ReadAction\",\"target\":[\"https:\/\/artikacr.com\/espanol-servicios\/\"]}]},{\"@type\":\"ImageObject\",\"inLanguage\":\"es\",\"@id\":\"https:\/\/artikacr.com\/espanol-servicios\/#primaryimage\",\"url\":\"https:\/\/artikacr.com\/wp-content\/uploads\/2018\/06\/Servicios-1.jpg\",\"contentUrl\":\"https:\/\/artikacr.com\/wp-content\/uploads\/2018\/06\/Servicios-1.jpg\",\"width\":1368,\"height\":596},{\"@type\":\"BreadcrumbList\",\"@id\":\"https:\/\/artikacr.com\/espanol-servicios\/#breadcrumb\",\"itemListElement\":[{\"@type\":\"ListItem\",\"position\":1,\"name\":\"Portada\",\"item\":\"https:\/\/artikacr.com\/es\/\"},{\"@type\":\"ListItem\",\"position\":2,\"name\":\"[:es]Servicios[:en]Services[:]\"}]},{\"@type\":\"WebSite\",\"@id\":\"https:\/\/artikacr.com\/es\/#website\",\"url\":\"https:\/\/artikacr.com\/es\/\",\"name\":\"Artika\",\"description\":\"\",\"publisher\":{\"@id\":\"https:\/\/artikacr.com\/es\/#organization\"},\"potentialAction\":[{\"@type\":\"SearchAction\",\"target\":{\"@type\":\"EntryPoint\",\"urlTemplate\":\"https:\/\/artikacr.com\/es\/?s={search_term_string}\"},\"query-input\":{\"@type\":\"PropertyValueSpecification\",\"valueRequired\":true,\"valueName\":\"search_term_string\"}}],\"inLanguage\":\"es\"},{\"@type\":\"Organization\",\"@id\":\"https:\/\/artikacr.com\/es\/#organization\",\"name\":\"Artika\",\"url\":\"https:\/\/artikacr.com\/es\/\",\"logo\":{\"@type\":\"ImageObject\",\"inLanguage\":\"es\",\"@id\":\"https:\/\/artikacr.com\/es\/#\/schema\/logo\/image\/\",\"url\":\"https:\/\/artikacr.com\/wp-content\/uploads\/2018\/05\/logo-artika3.png\",\"contentUrl\":\"https:\/\/artikacr.com\/wp-content\/uploads\/2018\/05\/logo-artika3.png\",\"width\":300,\"height\":186,\"caption\":\"Artika\"},\"image\":{\"@id\":\"https:\/\/artikacr.com\/es\/#\/schema\/logo\/image\/\"}}]}<\/script>\n<!-- \/ Yoast SEO plugin. -->","yoast_head_json":{"title":"Servicios - Artika","robots":{"index":"index","follow":"follow","max-snippet":"max-snippet:-1","max-image-preview":"max-image-preview:large","max-video-preview":"max-video-preview:-1"},"canonical":"https:\/\/artikacr.com\/espanol-servicios\/","og_locale":"es_ES","og_type":"article","og_title":"Servicios - Artika","og_description":"Dise\u00f1o y Arquitectura Mantenemos una buena comunicaci\u00f3n desde el primer momento para entender las necesidades de cada cliente, lo guiamos en la toma de decisiones brind\u00e1ndole soluciones eficaces y personalizadas. Conceptualizamos el proyecto bas\u00e1ndonos en par\u00e1metros de dise\u00f1o a gusto del cliente, de sus necesidades, de los reglamentos y condiciones que afectan la ubicaci\u00f3n del... Ver art\u00edculo","og_url":"https:\/\/artikacr.com\/espanol-servicios\/","og_site_name":"Artika","article_modified_time":"2018-06-16T02:41:18+00:00","og_image":[{"width":1368,"height":596,"url":"https:\/\/artikacr.com\/wp-content\/uploads\/2018\/06\/Servicios-1.jpg","type":"image\/jpeg"}],"twitter_card":"summary_large_image","twitter_misc":{"Tiempo de lectura":"3 minutos"},"schema":{"@context":"https:\/\/schema.org","@graph":[{"@type":"WebPage","@id":"https:\/\/artikacr.com\/espanol-servicios\/","url":"https:\/\/artikacr.com\/espanol-servicios\/","name":"Servicios - Artika","isPartOf":{"@id":"https:\/\/artikacr.com\/es\/#website"},"primaryImageOfPage":{"@id":"https:\/\/artikacr.com\/espanol-servicios\/#primaryimage"},"image":{"@id":"https:\/\/artikacr.com\/espanol-servicios\/#primaryimage"},"thumbnailUrl":"https:\/\/artikacr.com\/wp-content\/uploads\/2018\/06\/Servicios-1.jpg","datePublished":"2018-05-23T02:20:14+00:00","dateModified":"2018-06-16T02:41:18+00:00","breadcrumb":{"@id":"https:\/\/artikacr.com\/espanol-servicios\/#breadcrumb"},"inLanguage":"es","potentialAction":[{"@type":"ReadAction","target":["https:\/\/artikacr.com\/espanol-servicios\/"]}]},{"@type":"ImageObject","inLanguage":"es","@id":"https:\/\/artikacr.com\/espanol-servicios\/#primaryimage","url":"https:\/\/artikacr.com\/wp-content\/uploads\/2018\/06\/Servicios-1.jpg","contentUrl":"https:\/\/artikacr.com\/wp-content\/uploads\/2018\/06\/Servicios-1.jpg","width":1368,"height":596},{"@type":"BreadcrumbList","@id":"https:\/\/artikacr.com\/espanol-servicios\/#breadcrumb","itemListElement":[{"@type":"ListItem","position":1,"name":"Portada","item":"https:\/\/artikacr.com\/es\/"},{"@type":"ListItem","position":2,"name":"[:es]Servicios[:en]Services[:]"}]},{"@type":"WebSite","@id":"https:\/\/artikacr.com\/es\/#website","url":"https:\/\/artikacr.com\/es\/","name":"Artika","description":"","publisher":{"@id":"https:\/\/artikacr.com\/es\/#organization"},"potentialAction":[{"@type":"SearchAction","target":{"@type":"EntryPoint","urlTemplate":"https:\/\/artikacr.com\/es\/?s={search_term_string}"},"query-input":{"@type":"PropertyValueSpecification","valueRequired":true,"valueName":"search_term_string"}}],"inLanguage":"es"},{"@type":"Organization","@id":"https:\/\/artikacr.com\/es\/#organization","name":"Artika","url":"https:\/\/artikacr.com\/es\/","logo":{"@type":"ImageObject","inLanguage":"es","@id":"https:\/\/artikacr.com\/es\/#\/schema\/logo\/image\/","url":"https:\/\/artikacr.com\/wp-content\/uploads\/2018\/05\/logo-artika3.png","contentUrl":"https:\/\/artikacr.com\/wp-content\/uploads\/2018\/05\/logo-artika3.png","width":300,"height":186,"caption":"Artika"},"image":{"@id":"https:\/\/artikacr.com\/es\/#\/schema\/logo\/image\/"}}]}},"_links":{"self":[{"href":"https:\/\/artikacr.com\/es\/wp-json\/wp\/v2\/pages\/15","targetHints":{"allow":["GET"]}}],"collection":[{"href":"https:\/\/artikacr.com\/es\/wp-json\/wp\/v2\/pages"}],"about":[{"href":"https:\/\/artikacr.com\/es\/wp-json\/wp\/v2\/types\/page"}],"author":[{"embeddable":true,"href":"https:\/\/artikacr.com\/es\/wp-json\/wp\/v2\/users\/1"}],"replies":[{"embeddable":true,"href":"https:\/\/artikacr.com\/es\/wp-json\/wp\/v2\/comments?post=15"}],"version-history":[{"count":41,"href":"https:\/\/artikacr.com\/es\/wp-json\/wp\/v2\/pages\/15\/revisions"}],"predecessor-version":[{"id":249,"href":"https:\/\/artikacr.com\/es\/wp-json\/wp\/v2\/pages\/15\/revisions\/249"}],"wp:featuredmedia":[{"embeddable":true,"href":"https:\/\/artikacr.com\/es\/wp-json\/wp\/v2\/media\/223"}],"wp:attachment":[{"href":"https:\/\/artikacr.com\/es\/wp-json\/wp\/v2\/media?parent=15"}],"curies":[{"name":"wp","href":"https:\/\/api.w.org\/{rel}","templated":true}]}}